{"id":1406,"date":"2023-08-03T12:37:33","date_gmt":"2023-08-03T18:37:33","guid":{"rendered":"https:\/\/pacificjourneyscr.com\/?page_id=1406"},"modified":"2025-05-19T19:10:28","modified_gmt":"2025-05-20T01:10:28","slug":"diamante-one-day-experience-with-rappel","status":"publish","type":"page","link":"https:\/\/pacificjourneyscr.com\/es\/our-tours\/diamante-one-day-experience-with-rappel\/","title":{"rendered":"Tour Caminata a Diamante 1 D\u00eda con Rappel"},"content":{"rendered":"<div data-elementor-type=\"wp-page\" data-elementor-id=\"1406\" class=\"elementor elementor-1406\" data-elementor-post-type=\"page\">\n\t\t\t\t\t\t<section class=\"elementor-section elementor-top-section elementor-element elementor-element-018e857 elementor-section-boxed elementor-section-height-default elementor-section-height-default\" data-id=\"018e857\" data-element_type=\"section\" data-e-type=\"section\">\n\t\t\t\t\t\t<div class=\"elementor-container elementor-column-gap-default\">\n\t\t\t\t\t<div class=\"elementor-column elementor-col-100 elementor-top-column elementor-element elementor-element-0f5ccb2\" data-id=\"0f5ccb2\" data-element_type=\"column\" data-e-type=\"column\">\n\t\t\t<div class=\"elementor-widget-wrap elementor-element-populated\">\n\t\t\t\t\t\t<div class=\"elementor-element elementor-element-931f9fb elementor-widget elementor-widget-heading\" data-id=\"931f9fb\" data-element_type=\"widget\" data-e-type=\"widget\" data-widget_type=\"heading.default\">\n\t\t\t\t<div class=\"elementor-widget-container\">\n\t\t\t\t\t<h1 class=\"elementor-heading-title elementor-size-default\">Tour Caminata a Diamante 1 D\u00eda con Rappel<\/h1>\t\t\t\t<\/div>\n\t\t\t\t<\/div>\n\t\t\t\t\t<\/div>\n\t\t<\/div>\n\t\t\t\t\t<\/div>\n\t\t<\/section>\n\t\t\t\t<section class=\"elementor-section elementor-top-section elementor-element elementor-element-4b15e84 elementor-section-boxed elementor-section-height-default elementor-section-height-default\" data-id=\"4b15e84\" data-element_type=\"section\" data-e-type=\"section\" data-settings=\"{&quot;background_background&quot;:&quot;classic&quot;}\">\n\t\t\t\t\t\t<div class=\"elementor-container elementor-column-gap-default\">\n\t\t\t\t\t<div class=\"elementor-column elementor-col-100 elementor-top-column elementor-element elementor-element-442d3b7\" data-id=\"442d3b7\" data-element_type=\"column\" data-e-type=\"column\">\n\t\t\t<div class=\"elementor-widget-wrap elementor-element-populated\">\n\t\t\t\t\t\t<div class=\"elementor-element elementor-element-4046108 elementor-widget elementor-widget-image-carousel\" data-id=\"4046108\" data-element_type=\"widget\" data-e-type=\"widget\" data-settings=\"{&quot;slides_to_show&quot;:&quot;5&quot;,&quot;navigation&quot;:&quot;none&quot;,&quot;autoplay&quot;:&quot;no&quot;,&quot;infinite&quot;:&quot;yes&quot;,&quot;speed&quot;:500}\" data-widget_type=\"image-carousel.default\">\n\t\t\t\t<div class=\"elementor-widget-container\">\n\t\t\t\t\t\t\t<div class=\"elementor-image-carousel-wrapper swiper\" role=\"region\" aria-roledescription=\"carousel\" aria-label=\"Image Carousel\" dir=\"ltr\">\n\t\t\t<div class=\"elementor-image-carousel swiper-wrapper\" aria-live=\"polite\">\n\t\t\t\t\t\t\t\t<div class=\"swiper-slide\" role=\"group\" aria-roledescription=\"slide\" aria-label=\"1 de 5\" data-no-translation-aria-label=\"\"><figure class=\"swiper-slide-inner\"><img decoding=\"async\" class=\"swiper-slide-image\" src=\"https:\/\/pacificjourneyscr.com\/wp-content\/uploads\/2021\/05\/Catarata-waterfall-diamante-pacific-journeys-costa-rica-02-150x150.jpg\" alt=\"Rapelling\" \/><\/figure><\/div><div class=\"swiper-slide\" role=\"group\" aria-roledescription=\"slide\" aria-label=\"2 de 5\" data-no-translation-aria-label=\"\"><figure class=\"swiper-slide-inner\"><img decoding=\"async\" class=\"swiper-slide-image\" src=\"https:\/\/pacificjourneyscr.com\/wp-content\/uploads\/2021\/06\/Pacific-Journeys-Catarata-Diamante-04-150x150.jpg\" alt=\"Pacific-Journeys-Catarata-Diamante-04\" \/><\/figure><\/div><div class=\"swiper-slide\" role=\"group\" aria-roledescription=\"slide\" aria-label=\"3 de 5\" data-no-translation-aria-label=\"\"><figure class=\"swiper-slide-inner\"><img decoding=\"async\" class=\"swiper-slide-image\" src=\"https:\/\/pacificjourneyscr.com\/wp-content\/uploads\/2021\/06\/Pacific-Journey-Diamante-Rappel-2-150x150.jpg\" alt=\"Pacific-Journey-Diamante-Rappel-2\" \/><\/figure><\/div><div class=\"swiper-slide\" role=\"group\" aria-roledescription=\"slide\" aria-label=\"4 de 5\" data-no-translation-aria-label=\"\"><figure class=\"swiper-slide-inner\"><img decoding=\"async\" class=\"swiper-slide-image\" src=\"https:\/\/pacificjourneyscr.com\/wp-content\/uploads\/2021\/06\/Pacific-Journeys-Catarata-Diamante-08-150x150.jpg\" alt=\"Pacific-Journeys-Catarata-Diamante-08\" \/><\/figure><\/div><div class=\"swiper-slide\" role=\"group\" aria-roledescription=\"slide\" aria-label=\"5 de 5\" data-no-translation-aria-label=\"\"><figure class=\"swiper-slide-inner\"><img decoding=\"async\" class=\"swiper-slide-image\" src=\"https:\/\/pacificjourneyscr.com\/wp-content\/uploads\/2021\/06\/Pacific-Journeys-Catarata-Diamante-06-150x150.jpg\" alt=\"Pacific-Journeys-Catarata-Diamante-06\" \/><\/figure><\/div>\t\t\t<\/div>\n\t\t\t\t\t\t\t\n\t\t\t\t\t\t\t\t\t<\/div>\n\t\t\t\t\t\t<\/div>\n\t\t\t\t<\/div>\n\t\t\t\t<div class=\"elementor-element elementor-element-01a4eb3 elementor-widget elementor-widget-html\" data-id=\"01a4eb3\" data-element_type=\"widget\" data-e-type=\"widget\" data-widget_type=\"html.default\">\n\t\t\t\t<div class=\"elementor-widget-container\">\n\t\t\t\t\t<a href=\"https:\/\/book.peek.com\/s\/dc41daff-f404-42d5-ba53-db5a107323fa\/APmp--92602cd6-0731-4ac7-b277-e493b7bb251b\" class=\"replace-with-your-class(es)\" data-embed=\"true\" data-button-text=\"Book Now\">Tour Caminata a Diamante 1 D\u00eda con Rappel<\/a>\t\t\t\t<\/div>\n\t\t\t\t<\/div>\n\t\t\t\t<div class=\"elementor-element elementor-element-353e3b7 elementor-widget elementor-widget-text-editor\" data-id=\"353e3b7\" data-element_type=\"widget\" data-e-type=\"widget\" data-widget_type=\"text-editor.default\">\n\t\t\t\t<div class=\"elementor-widget-container\">\n\t\t\t\t\t\t\t\t\t<p><strong>\u00bfQu\u00e9 incluye?\u00a0 \u00a0 \u00a0 \u00a0<\/strong><\/p><ul><li>Certified Wilderness First Responder guide<\/li><li>3km stimulating hike through the pristine forest of the Diamante Private Reserve<\/li><li>Visit to the highest point of the 600ft Diamante waterfall and experience breathtaking views of the valley, mountains, and Pacific Ocean beyond<\/li><li>Visit to various private and pristine natural swimming pools for refreshing swims and optional cliff jumping<\/li><li>Visit to the Diamante Sanctuary, also known as The Cave or Casa de Piedra<\/li><li>Private and pristine natural swimming pools for refreshing swims and optional cliff jumping<\/li><li>Rappel over the twin 90-foot Diamante falls, no experience needed<\/li><li>Delicious vegetarian lunch<\/li><\/ul><p>Departs at 8:15 am<br \/>Regreso a las 4:00 \u2013 4:30 pm<\/p><p>* Tomar en cuenta que nuestros tours son para aquellos que disfrutan de una experiencia de senderismo f\u00edsicamente exigente, sudar\u00e1 y seguir\u00e1 sudando, se caminar\u00e1 aproximadamente 3 km de sendero en ascenso empinado. Cada uno lleva su mochila, empaque s\u00f3lo lo necesario.<\/p><p><strong>Price: US $129<\/strong>\u00a0por persona + IVA<\/p>\t\t\t\t\t\t\t\t<\/div>\n\t\t\t\t<\/div>\n\t\t\t\t\t<\/div>\n\t\t<\/div>\n\t\t\t\t\t<\/div>\n\t\t<\/section>\n\t\t\t\t<\/div>","protected":false},"excerpt":{"rendered":"<p>Diamante One Day Experience with Rappel Diamante One Day Experience with Rappel What&#8217;s included?\u00a0 \u00a0 \u00a0 \u00a0 Certified Wilderness First Responder guide 3km stimulating hike through the pristine forest of the Diamante Private Reserve Visit to the highest point of the 600ft Diamante waterfall and experience breathtaking views of the valley, mountains, and Pacific Ocean [&hellip;]<\/p>\n","protected":false},"author":1,"featured_media":0,"parent":49,"menu_order":0,"comment_status":"closed","ping_status":"closed","template":"","meta":{"footnotes":""},"class_list":["post-1406","page","type-page","status-publish","hentry"],"_links":{"self":[{"href":"https:\/\/pacificjourneyscr.com\/es\/wp-json\/wp\/v2\/pages\/1406","targetHints":{"allow":["GET"]}}],"collection":[{"href":"https:\/\/pacificjourneyscr.com\/es\/wp-json\/wp\/v2\/pages"}],"about":[{"href":"https:\/\/pacificjourneyscr.com\/es\/wp-json\/wp\/v2\/types\/page"}],"author":[{"embeddable":true,"href":"https:\/\/pacificjourneyscr.com\/es\/wp-json\/wp\/v2\/users\/1"}],"replies":[{"embeddable":true,"href":"https:\/\/pacificjourneyscr.com\/es\/wp-json\/wp\/v2\/comments?post=1406"}],"version-history":[{"count":30,"href":"https:\/\/pacificjourneyscr.com\/es\/wp-json\/wp\/v2\/pages\/1406\/revisions"}],"predecessor-version":[{"id":1655,"href":"https:\/\/pacificjourneyscr.com\/es\/wp-json\/wp\/v2\/pages\/1406\/revisions\/1655"}],"up":[{"embeddable":true,"href":"https:\/\/pacificjourneyscr.com\/es\/wp-json\/wp\/v2\/pages\/49"}],"wp:attachment":[{"href":"https:\/\/pacificjourneyscr.com\/es\/wp-json\/wp\/v2\/media?parent=1406"}],"curies":[{"name":"wp","href":"https:\/\/api.w.org\/{rel}","templated":true}]}}