{"id":41,"date":"2021-05-26T13:36:14","date_gmt":"2021-05-26T13:36:14","guid":{"rendered":"https:\/\/pacificjourneyscr.com\/?page_id=41"},"modified":"2023-03-31T15:42:20","modified_gmt":"2023-03-31T21:42:20","slug":"about-us","status":"publish","type":"page","link":"https:\/\/pacificjourneyscr.com\/es\/about-us\/","title":{"rendered":"Acerca de nosotros"},"content":{"rendered":"<div data-elementor-type=\"wp-page\" data-elementor-id=\"41\" class=\"elementor elementor-41\" data-elementor-post-type=\"page\">\n\t\t\t\t\t\t<section class=\"elementor-section elementor-top-section elementor-element elementor-element-da3dc2e elementor-section-boxed elementor-section-height-default elementor-section-height-default\" data-id=\"da3dc2e\" data-element_type=\"section\" data-e-type=\"section\" data-settings=\"{&quot;background_background&quot;:&quot;classic&quot;}\">\n\t\t\t\t\t\t<div class=\"elementor-container elementor-column-gap-default\">\n\t\t\t\t\t<div class=\"elementor-column elementor-col-100 elementor-top-column elementor-element elementor-element-91eed54\" data-id=\"91eed54\" data-element_type=\"column\" data-e-type=\"column\" data-settings=\"{&quot;background_background&quot;:&quot;classic&quot;}\">\n\t\t\t<div class=\"elementor-widget-wrap elementor-element-populated\">\n\t\t\t\t\t\t<div class=\"elementor-element elementor-element-616c189 elementor-widget elementor-widget-heading\" data-id=\"616c189\" data-element_type=\"widget\" data-e-type=\"widget\" data-widget_type=\"heading.default\">\n\t\t\t\t<div class=\"elementor-widget-container\">\n\t\t\t\t\t<h2 class=\"elementor-heading-title elementor-size-default\">Acerca de nosotros<\/h2>\t\t\t\t<\/div>\n\t\t\t\t<\/div>\n\t\t\t\t<div class=\"elementor-element elementor-element-95316fb elementor-widget elementor-widget-image\" data-id=\"95316fb\" data-element_type=\"widget\" data-e-type=\"widget\" data-widget_type=\"image.default\">\n\t\t\t\t<div class=\"elementor-widget-container\">\n\t\t\t\t\t\t\t\t\t\t\t\t\t\t\t<img fetchpriority=\"high\" decoding=\"async\" width=\"1200\" height=\"800\" src=\"https:\/\/pacificjourneyscr.com\/wp-content\/uploads\/2021\/06\/Chapman-Family.jpg\" class=\"attachment-full size-full wp-image-838\" alt=\"\" srcset=\"https:\/\/pacificjourneyscr.com\/wp-content\/uploads\/2021\/06\/Chapman-Family.jpg 1200w, https:\/\/pacificjourneyscr.com\/wp-content\/uploads\/2021\/06\/Chapman-Family-300x200.jpg 300w, https:\/\/pacificjourneyscr.com\/wp-content\/uploads\/2021\/06\/Chapman-Family-1024x683.jpg 1024w, https:\/\/pacificjourneyscr.com\/wp-content\/uploads\/2021\/06\/Chapman-Family-768x512.jpg 768w, https:\/\/pacificjourneyscr.com\/wp-content\/uploads\/2021\/06\/Chapman-Family-16x12.jpg 16w\" sizes=\"(max-width: 1200px) 100vw, 1200px\" \/>\t\t\t\t\t\t\t\t\t\t\t\t\t\t\t<\/div>\n\t\t\t\t<\/div>\n\t\t\t\t<div class=\"elementor-element elementor-element-e76c716 elementor-widget elementor-widget-text-editor\" data-id=\"e76c716\" data-element_type=\"widget\" data-e-type=\"widget\" data-widget_type=\"text-editor.default\">\n\t\t\t\t<div class=\"elementor-widget-container\">\n\t\t\t\t\t\t\t\t\t<p>CONOCE A LA FAMILIA FUNDADORA<\/p><p>Pacific Journeys es una empresa operada y de propiedad familiar que ha realizado recorridos tur\u00edsticos durante los \u00faltimos 16 a\u00f1os. Todo comenz\u00f3 cuando la b\u00fasqueda de la belleza de Jon Chapman durante toda su vida en tierras monta\u00f1osas lo llev\u00f3 a Costa Rica por primera vez a principios de la d\u00e9cada de 1980. Si bien no compr\u00f3 tierras en su primer viaje, conoci\u00f3 a su futura esposa, Leila Chinchilla. Jon y Leila se casaron y se mudaron a Monterey California donde Jon trabaj\u00f3 como contratista. Despu\u00e9s de 13 a\u00f1os de vivir en los Estados Unidos, Jon y Leila se mudaron con sus cuatro hijos a la costa pac\u00edfica sur de Costa Rica, donde compraron un pu\u00f1ado de hermosas propiedades. \u00a0<\/p><p>Desde entonces, la compa\u00f1\u00eda se ha expandido m\u00e1s all\u00e1 de la familia Chapman e incluso cambi\u00f3 su nombre a Pacific Journeys. La familia L\u00f3pez, algunos de los 18 hermanos y hermanas, se unieron a la a la compa\u00f1\u00eda como gu\u00edas, poco a poco en la \u00faltima d\u00e9cada. Los L\u00f3pez crecieron a dos horas de la ciudad m\u00e1s cercana en una granja en la costa rural de Costa Rica. Despu\u00e9s de haber pasado sus vidas al aire libre, primero como agricultores \/ forrajeros, y luego como instructores externos, aportan una inmensa riqueza de conocimientos a Pacific Journeys.<\/p><p>Desde entonces, la compa\u00f1\u00eda se ha expandido m\u00e1s all\u00e1 de la familia Chapman e incluso cambi\u00f3 su nombre a Pacific Journeys. La familia L\u00f3pez, algunos de los 18 hermanos y hermanas, se unieron a la a la compa\u00f1\u00eda como gu\u00edas, poco a poco en la \u00faltima d\u00e9cada. Los L\u00f3pez crecieron a dos horas de la ciudad m\u00e1s cercana en una granja en la costa rural de Costa Rica. Despu\u00e9s de haber pasado sus vidas al aire libre, primero como agricultores \/ forrajeros, y luego como instructores externos, aportan una inmensa riqueza de conocimientos a Pacific Journeys.<\/p><p>Algunos de los hermanos y cu\u00f1adas son ahora los gu\u00edas principales en Pacific Journeys, aunque los Chapman todav\u00eda juegan un papel importante en la gu\u00eda y la administraci\u00f3n. \nHa sido un privilegio para nosotros compartir este tesoro natural con personas de todo el mundo. Nuestra pasi\u00f3n viene de ver a nuestros hu\u00e9spedes felices y ayudando a experimentar la belleza de Costa Rica en todo su espectro natural. \u00a1Esperamos recibirles pronto!<\/p>\t\t\t\t\t\t\t\t<\/div>\n\t\t\t\t<\/div>\n\t\t\t\t\t<\/div>\n\t\t<\/div>\n\t\t\t\t\t<\/div>\n\t\t<\/section>\n\t\t\t\t<\/div>","protected":false},"excerpt":{"rendered":"<p>About Us MEET THE FAMILY AND FOUNDERS Pacific Journeys is a family-owned and operated business that has been running tours for the past 16 years. It all began when Jon Chapman\u2019s life-long search for beauty in mountainous land brought him to Costa Rica for the first time in the early 1980s. While he did not [&hellip;]<\/p>\n","protected":false},"author":1,"featured_media":0,"parent":0,"menu_order":0,"comment_status":"closed","ping_status":"closed","template":"elementor_header_footer","meta":{"footnotes":""},"class_list":["post-41","page","type-page","status-publish","hentry"],"_links":{"self":[{"href":"https:\/\/pacificjourneyscr.com\/es\/wp-json\/wp\/v2\/pages\/41","targetHints":{"allow":["GET"]}}],"collection":[{"href":"https:\/\/pacificjourneyscr.com\/es\/wp-json\/wp\/v2\/pages"}],"about":[{"href":"https:\/\/pacificjourneyscr.com\/es\/wp-json\/wp\/v2\/types\/page"}],"author":[{"embeddable":true,"href":"https:\/\/pacificjourneyscr.com\/es\/wp-json\/wp\/v2\/users\/1"}],"replies":[{"embeddable":true,"href":"https:\/\/pacificjourneyscr.com\/es\/wp-json\/wp\/v2\/comments?post=41"}],"version-history":[{"count":34,"href":"https:\/\/pacificjourneyscr.com\/es\/wp-json\/wp\/v2\/pages\/41\/revisions"}],"predecessor-version":[{"id":1269,"href":"https:\/\/pacificjourneyscr.com\/es\/wp-json\/wp\/v2\/pages\/41\/revisions\/1269"}],"wp:attachment":[{"href":"https:\/\/pacificjourneyscr.com\/es\/wp-json\/wp\/v2\/media?parent=41"}],"curies":[{"name":"wp","href":"https:\/\/api.w.org\/{rel}","templated":true}]}}