{"id":47,"date":"2021-05-26T13:36:37","date_gmt":"2021-05-26T13:36:37","guid":{"rendered":"https:\/\/pacificjourneyscr.com\/?page_id=47"},"modified":"2023-03-31T15:39:27","modified_gmt":"2023-03-31T21:39:27","slug":"meet-our-guides","status":"publish","type":"page","link":"https:\/\/pacificjourneyscr.com\/es\/meet-our-guides\/","title":{"rendered":"Meet our Guides"},"content":{"rendered":"<div data-elementor-type=\"wp-page\" data-elementor-id=\"47\" class=\"elementor elementor-47\" data-elementor-post-type=\"page\">\n\t\t\t\t\t\t<section class=\"elementor-section elementor-top-section elementor-element elementor-element-7310ffa elementor-section-boxed elementor-section-height-default elementor-section-height-default\" data-id=\"7310ffa\" data-element_type=\"section\" data-e-type=\"section\">\n\t\t\t\t\t\t<div class=\"elementor-container elementor-column-gap-default\">\n\t\t\t\t\t<div class=\"elementor-column elementor-col-100 elementor-top-column elementor-element elementor-element-9f8d61d\" data-id=\"9f8d61d\" data-element_type=\"column\" data-e-type=\"column\">\n\t\t\t<div class=\"elementor-widget-wrap elementor-element-populated\">\n\t\t\t\t\t\t<div class=\"elementor-element elementor-element-27874f3 elementor-widget elementor-widget-heading\" data-id=\"27874f3\" data-element_type=\"widget\" data-e-type=\"widget\" data-widget_type=\"heading.default\">\n\t\t\t\t<div class=\"elementor-widget-container\">\n\t\t\t\t\t<h2 class=\"elementor-heading-title elementor-size-default\">CONOCE NUESTROS GU\u00cdAS<\/h2>\t\t\t\t<\/div>\n\t\t\t\t<\/div>\n\t\t\t\t<div class=\"elementor-element elementor-element-3608739 elementor-widget elementor-widget-text-editor\" data-id=\"3608739\" data-element_type=\"widget\" data-e-type=\"widget\" data-widget_type=\"text-editor.default\">\n\t\t\t\t<div class=\"elementor-widget-container\">\n\t\t\t\t\t\t\t\t\t<p>Nuestros gu\u00edas biling\u00fces est\u00e1n bien capacitados, tienen experiencia y est\u00e1n certificados internacionalmente. Su pasi\u00f3n es facilitar experiencias inolvidables para todos nuestros clientes, y est\u00e1n listos y dispuestos a proporcionar apoyo en el camino. Seguros y extremadamente bien informados, nuestros gu\u00edas son los mejores en la en crear una aventura divertida y emocionante.<\/p>\t\t\t\t\t\t\t\t<\/div>\n\t\t\t\t<\/div>\n\t\t\t\t\t<\/div>\n\t\t<\/div>\n\t\t\t\t\t<\/div>\n\t\t<\/section>\n\t\t\t\t<section class=\"elementor-section elementor-top-section elementor-element elementor-element-cfe2d1e elementor-section-boxed elementor-section-height-default elementor-section-height-default\" data-id=\"cfe2d1e\" data-element_type=\"section\" data-e-type=\"section\">\n\t\t\t\t\t\t<div class=\"elementor-container elementor-column-gap-default\">\n\t\t\t\t\t<div class=\"elementor-column elementor-col-50 elementor-top-column elementor-element elementor-element-9213c4a\" data-id=\"9213c4a\" data-element_type=\"column\" data-e-type=\"column\">\n\t\t\t<div class=\"elementor-widget-wrap elementor-element-populated\">\n\t\t\t\t\t\t<div class=\"elementor-element elementor-element-914b177 elementor-position-top elementor-widget elementor-widget-image-box\" data-id=\"914b177\" data-element_type=\"widget\" data-e-type=\"widget\" data-widget_type=\"image-box.default\">\n\t\t\t\t<div class=\"elementor-widget-container\">\n\t\t\t\t\t<div class=\"elementor-image-box-wrapper\"><figure class=\"elementor-image-box-img\"><img fetchpriority=\"high\" decoding=\"async\" width=\"758\" height=\"616\" src=\"https:\/\/pacificjourneyscr.com\/wp-content\/uploads\/2021\/06\/Diego-Lopez.png\" class=\"attachment-full size-full wp-image-842\" alt=\"\" srcset=\"https:\/\/pacificjourneyscr.com\/wp-content\/uploads\/2021\/06\/Diego-Lopez.png 758w, https:\/\/pacificjourneyscr.com\/wp-content\/uploads\/2021\/06\/Diego-Lopez-300x244.png 300w, https:\/\/pacificjourneyscr.com\/wp-content\/uploads\/2021\/06\/Diego-Lopez-16x12.png 16w\" sizes=\"(max-width: 758px) 100vw, 758px\" \/><\/figure><div class=\"elementor-image-box-content\"><h3 class=\"elementor-image-box-title\">Diego L\u00f3pez Salazar<\/h3><p class=\"elementor-image-box-description\">Certificaciones: I.R.F RG4-5 White Water Rafting, Scuba Divers, Technical Rope Rescue, Lifeguard Training Open Water, Wilderness First Aid, Swift Water Rescue Technician, R.C.P, Wilderness First Responder.\n<br \/><br \/>\nDiego creci\u00f3 en las monta\u00f1as con su familia de 18 hermanos y hermanas. Comenz\u00f3 a trabajar como gu\u00eda a los 19 a\u00f1os. Tiene una verdadera pasi\u00f3n por ense\u00f1ar a la gente sobre las maravillas de la naturaleza, y ha trabajado con empresas involucradas en senderismo, rafting, kayak, barranquismo y buceo.\n<\/p><\/div><\/div>\t\t\t\t<\/div>\n\t\t\t\t<\/div>\n\t\t\t\t\t<\/div>\n\t\t<\/div>\n\t\t\t\t<div class=\"elementor-column elementor-col-50 elementor-top-column elementor-element elementor-element-a1f5b6f\" data-id=\"a1f5b6f\" data-element_type=\"column\" data-e-type=\"column\">\n\t\t\t<div class=\"elementor-widget-wrap elementor-element-populated\">\n\t\t\t\t\t\t<div class=\"elementor-element elementor-element-069d9bd elementor-position-top elementor-widget elementor-widget-image-box\" data-id=\"069d9bd\" data-element_type=\"widget\" data-e-type=\"widget\" data-widget_type=\"image-box.default\">\n\t\t\t\t<div class=\"elementor-widget-container\">\n\t\t\t\t\t<div class=\"elementor-image-box-wrapper\"><figure class=\"elementor-image-box-img\"><img decoding=\"async\" width=\"768\" height=\"614\" src=\"https:\/\/pacificjourneyscr.com\/wp-content\/uploads\/2021\/06\/Gretel-Quiros.png\" class=\"attachment-full size-full wp-image-843\" alt=\"\" srcset=\"https:\/\/pacificjourneyscr.com\/wp-content\/uploads\/2021\/06\/Gretel-Quiros.png 768w, https:\/\/pacificjourneyscr.com\/wp-content\/uploads\/2021\/06\/Gretel-Quiros-300x240.png 300w, https:\/\/pacificjourneyscr.com\/wp-content\/uploads\/2021\/06\/Gretel-Quiros-16x12.png 16w\" sizes=\"(max-width: 768px) 100vw, 768px\" \/><\/figure><div class=\"elementor-image-box-content\"><h3 class=\"elementor-image-box-title\">Gretel Quir\u00f3s Rojas<\/h3><p class=\"elementor-image-box-description\">Certificaciones: I.R.F RG4-5 White Water Rafting, Scuba Divers, Technical Rope Rescue, Lifeguard Training Open Water, Wilderness First Aid, Swift Water Rescue Technician, R.C.P, Wilderness First Responder.\n<br \/><br \/>\nDiego creci\u00f3 en las monta\u00f1as con su familia de 18 hermanos y hermanas. Comenz\u00f3 a trabajar como gu\u00eda a los 19 a\u00f1os. Tiene una verdadera pasi\u00f3n por ense\u00f1ar a la gente sobre las maravillas de la naturaleza, y ha trabajado con empresas involucradas en senderismo, rafting, kayak, barranquismo y buceo.\n<\/p><\/div><\/div>\t\t\t\t<\/div>\n\t\t\t\t<\/div>\n\t\t\t\t\t<\/div>\n\t\t<\/div>\n\t\t\t\t\t<\/div>\n\t\t<\/section>\n\t\t\t\t<section class=\"elementor-section elementor-top-section elementor-element elementor-element-53fe34b elementor-section-boxed elementor-section-height-default elementor-section-height-default\" data-id=\"53fe34b\" data-element_type=\"section\" data-e-type=\"section\">\n\t\t\t\t\t\t<div class=\"elementor-container elementor-column-gap-default\">\n\t\t\t\t\t<div class=\"elementor-column elementor-col-50 elementor-top-column elementor-element elementor-element-87b673f\" data-id=\"87b673f\" data-element_type=\"column\" data-e-type=\"column\">\n\t\t\t<div class=\"elementor-widget-wrap elementor-element-populated\">\n\t\t\t\t\t\t<div class=\"elementor-element elementor-element-890db4b elementor-position-top elementor-widget elementor-widget-image-box\" data-id=\"890db4b\" data-element_type=\"widget\" data-e-type=\"widget\" data-widget_type=\"image-box.default\">\n\t\t\t\t<div class=\"elementor-widget-container\">\n\t\t\t\t\t<div class=\"elementor-image-box-wrapper\"><figure class=\"elementor-image-box-img\"><img decoding=\"async\" width=\"710\" height=\"610\" src=\"https:\/\/pacificjourneyscr.com\/wp-content\/uploads\/2021\/06\/Pablo-Lopez.png\" class=\"attachment-full size-full wp-image-844\" alt=\"\" srcset=\"https:\/\/pacificjourneyscr.com\/wp-content\/uploads\/2021\/06\/Pablo-Lopez.png 710w, https:\/\/pacificjourneyscr.com\/wp-content\/uploads\/2021\/06\/Pablo-Lopez-300x258.png 300w, https:\/\/pacificjourneyscr.com\/wp-content\/uploads\/2021\/06\/Pablo-Lopez-14x12.png 14w\" sizes=\"(max-width: 710px) 100vw, 710px\" \/><\/figure><div class=\"elementor-image-box-content\"><h3 class=\"elementor-image-box-title\">Pablo L\u00f3pez Salazar<\/h3><p class=\"elementor-image-box-description\">Certifications: Wilderenss First Aid, Wildernes First Responder, Swiftwater Rescue and IRF Whitewater Rafting\n\nPablo vive en San Isidro, P\u00e9rez Zeled\u00f3n, con su esposa, Karen Luc\u00eda Granados. Ha trabajado en turismo durante 10 a\u00f1os y siente que los tours de Pacific Journeys son realmente algunos de los mejores en Costa Rica. Considera que las sonrisas que ve en las giras son una de las mejores partes de su trabajo.\n<\/p><\/div><\/div>\t\t\t\t<\/div>\n\t\t\t\t<\/div>\n\t\t\t\t\t<\/div>\n\t\t<\/div>\n\t\t\t\t<div class=\"elementor-column elementor-col-50 elementor-top-column elementor-element elementor-element-33e27c7\" data-id=\"33e27c7\" data-element_type=\"column\" data-e-type=\"column\">\n\t\t\t<div class=\"elementor-widget-wrap elementor-element-populated\">\n\t\t\t\t\t\t<div class=\"elementor-element elementor-element-1a4f914 elementor-position-top elementor-widget elementor-widget-image-box\" data-id=\"1a4f914\" data-element_type=\"widget\" data-e-type=\"widget\" data-widget_type=\"image-box.default\">\n\t\t\t\t<div class=\"elementor-widget-container\">\n\t\t\t\t\t<div class=\"elementor-image-box-wrapper\"><figure class=\"elementor-image-box-img\"><img loading=\"lazy\" decoding=\"async\" width=\"710\" height=\"594\" src=\"https:\/\/pacificjourneyscr.com\/wp-content\/uploads\/2021\/06\/Abraham-Lopez.png\" class=\"attachment-full size-full wp-image-845\" alt=\"\" srcset=\"https:\/\/pacificjourneyscr.com\/wp-content\/uploads\/2021\/06\/Abraham-Lopez.png 710w, https:\/\/pacificjourneyscr.com\/wp-content\/uploads\/2021\/06\/Abraham-Lopez-300x251.png 300w, https:\/\/pacificjourneyscr.com\/wp-content\/uploads\/2021\/06\/Abraham-Lopez-14x12.png 14w\" sizes=\"(max-width: 710px) 100vw, 710px\" \/><\/figure><div class=\"elementor-image-box-content\"><h3 class=\"elementor-image-box-title\">Abraham L\u00f3pez Salazar<\/h3><p class=\"elementor-image-box-description\">Certifications: Wilderness First Aid, Swift water Rescue, and IRF Whitewater Rafting\nOtro de los hermanos L\u00f3pez, Abraham creci\u00f3 en las monta\u00f1as de la cuenca del r\u00edo Savegre. Anteriormente trabaj\u00f3 en Outward Bound Costa Rica. Actualmente es uno de los gu\u00edas principales e instructores de rapel de Pacific Journeys.\n\nAbraham llena su tiempo libre con la familia, el f\u00fatbol y la pesca. Se considera un amante de la naturaleza. \u00c9l siente que ense\u00f1ar y ver a la gente descubrir cosas es una de las cosas m\u00e1s maravillosas que se pueden experimentar en la vida.\n<\/p><\/div><\/div>\t\t\t\t<\/div>\n\t\t\t\t<\/div>\n\t\t\t\t\t<\/div>\n\t\t<\/div>\n\t\t\t\t\t<\/div>\n\t\t<\/section>\n\t\t\t\t<section class=\"elementor-section elementor-top-section elementor-element elementor-element-e3a3a83 elementor-section-boxed elementor-section-height-default elementor-section-height-default\" data-id=\"e3a3a83\" data-element_type=\"section\" data-e-type=\"section\">\n\t\t\t\t\t\t<div class=\"elementor-container elementor-column-gap-default\">\n\t\t\t\t\t<div class=\"elementor-column elementor-col-50 elementor-top-column elementor-element elementor-element-dc5ae9b\" data-id=\"dc5ae9b\" data-element_type=\"column\" data-e-type=\"column\">\n\t\t\t<div class=\"elementor-widget-wrap elementor-element-populated\">\n\t\t\t\t\t\t<div class=\"elementor-element elementor-element-7319169 elementor-position-top elementor-widget elementor-widget-image-box\" data-id=\"7319169\" data-element_type=\"widget\" data-e-type=\"widget\" data-widget_type=\"image-box.default\">\n\t\t\t\t<div class=\"elementor-widget-container\">\n\t\t\t\t\t<div class=\"elementor-image-box-wrapper\"><figure class=\"elementor-image-box-img\"><img loading=\"lazy\" decoding=\"async\" width=\"694\" height=\"554\" src=\"https:\/\/pacificjourneyscr.com\/wp-content\/uploads\/2021\/06\/Lucia-Granados.png\" class=\"attachment-full size-full wp-image-846\" alt=\"\" srcset=\"https:\/\/pacificjourneyscr.com\/wp-content\/uploads\/2021\/06\/Lucia-Granados.png 694w, https:\/\/pacificjourneyscr.com\/wp-content\/uploads\/2021\/06\/Lucia-Granados-300x239.png 300w, https:\/\/pacificjourneyscr.com\/wp-content\/uploads\/2021\/06\/Lucia-Granados-16x12.png 16w\" sizes=\"(max-width: 694px) 100vw, 694px\" \/><\/figure><div class=\"elementor-image-box-content\"><h3 class=\"elementor-image-box-title\">Luc\u00eda Granados Elizondo<\/h3><p class=\"elementor-image-box-description\">Certifications: Wilderness First Responder, Rescue 3 International\n\nLuc\u00eda creci\u00f3 en la comunidad de Piedras Blanca ubicada en las monta\u00f1as de la cuenca baja del r\u00edo Savegre. Aunque esta \u00e1rea no tiene electricidad ni servicio telef\u00f3nico, se siente afortunada de haber sido criada en la belleza de la naturaleza de Costa Rica. Comenz\u00f3 a trabajar como gu\u00eda a la edad de 18 a\u00f1os en Costa Rica Outward Bound.\nLuc\u00eda tambi\u00e9n ama la pintura, y ha estado pintando desde los 13 a\u00f1os. Es licenciada en Bellas Artes y Educaci\u00f3n. She enjoys teaching, painting, learning, and sharing her knowledge anyway she can.  She lives in Perez Zeled\u00f3n with her husband.\n<\/p><\/div><\/div>\t\t\t\t<\/div>\n\t\t\t\t<\/div>\n\t\t\t\t\t<\/div>\n\t\t<\/div>\n\t\t\t\t<div class=\"elementor-column elementor-col-50 elementor-top-column elementor-element elementor-element-7b43ada\" data-id=\"7b43ada\" data-element_type=\"column\" data-e-type=\"column\">\n\t\t\t<div class=\"elementor-widget-wrap elementor-element-populated\">\n\t\t\t\t\t\t<div class=\"elementor-element elementor-element-deded4d elementor-position-top elementor-widget elementor-widget-image-box\" data-id=\"deded4d\" data-element_type=\"widget\" data-e-type=\"widget\" data-widget_type=\"image-box.default\">\n\t\t\t\t<div class=\"elementor-widget-container\">\n\t\t\t\t\t<div class=\"elementor-image-box-wrapper\"><figure class=\"elementor-image-box-img\"><img loading=\"lazy\" decoding=\"async\" width=\"548\" height=\"572\" src=\"https:\/\/pacificjourneyscr.com\/wp-content\/uploads\/2021\/06\/Anne-Ledezma.png\" class=\"attachment-full size-full wp-image-847\" alt=\"\" srcset=\"https:\/\/pacificjourneyscr.com\/wp-content\/uploads\/2021\/06\/Anne-Ledezma.png 548w, https:\/\/pacificjourneyscr.com\/wp-content\/uploads\/2021\/06\/Anne-Ledezma-287x300.png 287w, https:\/\/pacificjourneyscr.com\/wp-content\/uploads\/2021\/06\/Anne-Ledezma-11x12.png 11w\" sizes=\"(max-width: 548px) 100vw, 548px\" \/><\/figure><div class=\"elementor-image-box-content\"><h3 class=\"elementor-image-box-title\">Anne Ledezma<\/h3><p class=\"elementor-image-box-description\">Anne ha trabajado en turismo durante 20 a\u00f1os. Ha trabajado para Pacific Journeys durante 7 a\u00f1os. Le encanta poder ayudar a los visitantes a ver Costa Rica, especialmente lugares tan especiales como el ca\u00f1\u00f3n diamante. \nLe encantan los perros, y le encantar\u00eda tener un centro de rescate para perros maltratados. \n\u00a1Su sue\u00f1o es alg\u00fan d\u00eda viajar por el mundo!\n<\/p><\/div><\/div>\t\t\t\t<\/div>\n\t\t\t\t<\/div>\n\t\t\t\t\t<\/div>\n\t\t<\/div>\n\t\t\t\t\t<\/div>\n\t\t<\/section>\n\t\t\t\t<\/div>","protected":false},"excerpt":{"rendered":"<p>MEET OR GUIDES Our bilingual guides are well-trained, experienced, and internationally certified. Their passion is to facilitate unforgettable experiences for all of our participants, and are ready and willing to provide support along the way. Safe and extremely knowledgeable, our guides are the best at creating a fun and exciting adventure. Diego L\u00f3pez Salazar Certifications: [&hellip;]<\/p>\n","protected":false},"author":1,"featured_media":0,"parent":0,"menu_order":0,"comment_status":"closed","ping_status":"closed","template":"","meta":{"footnotes":""},"class_list":["post-47","page","type-page","status-publish","hentry"],"_links":{"self":[{"href":"https:\/\/pacificjourneyscr.com\/es\/wp-json\/wp\/v2\/pages\/47","targetHints":{"allow":["GET"]}}],"collection":[{"href":"https:\/\/pacificjourneyscr.com\/es\/wp-json\/wp\/v2\/pages"}],"about":[{"href":"https:\/\/pacificjourneyscr.com\/es\/wp-json\/wp\/v2\/types\/page"}],"author":[{"embeddable":true,"href":"https:\/\/pacificjourneyscr.com\/es\/wp-json\/wp\/v2\/users\/1"}],"replies":[{"embeddable":true,"href":"https:\/\/pacificjourneyscr.com\/es\/wp-json\/wp\/v2\/comments?post=47"}],"version-history":[{"count":13,"href":"https:\/\/pacificjourneyscr.com\/es\/wp-json\/wp\/v2\/pages\/47\/revisions"}],"predecessor-version":[{"id":1254,"href":"https:\/\/pacificjourneyscr.com\/es\/wp-json\/wp\/v2\/pages\/47\/revisions\/1254"}],"wp:attachment":[{"href":"https:\/\/pacificjourneyscr.com\/es\/wp-json\/wp\/v2\/media?parent=47"}],"curies":[{"name":"wp","href":"https:\/\/api.w.org\/{rel}","templated":true}]}}