{"id":49,"date":"2021-05-26T13:36:47","date_gmt":"2021-05-26T13:36:47","guid":{"rendered":"https:\/\/pacificjourneyscr.com\/?page_id=49"},"modified":"2025-03-05T12:21:31","modified_gmt":"2025-03-05T18:21:31","slug":"our-tours","status":"publish","type":"page","link":"https:\/\/pacificjourneyscr.com\/es\/our-tours\/","title":{"rendered":"Our Tours"},"content":{"rendered":"<h2>Tour Caminata a Diamante 1 D\u00eda<\/h2>\n<p><a href=\"https:\/\/pacificjourneyscr.com\/wp-content\/uploads\/2021\/06\/Pacific-Journeys-Catarata-Diamante-02.jpg\" data-elementor-open-lightbox=\"yes\" data-elementor-lightbox-title=\"Pacific-Journeys-Catarata-Diamante-02\" data-e-action-hash=\"#elementor-action%3Aaction%3Dlightbox%26settings%3DeyJpZCI6OTk1LCJ1cmwiOiJodHRwczpcL1wvcGFjaWZpY2pvdXJuZXlzY3IuY29tXC93cC1jb250ZW50XC91cGxvYWRzXC8yMDIxXC8wNlwvUGFjaWZpYy1Kb3VybmV5cy1DYXRhcmF0YS1EaWFtYW50ZS0wMi5qcGcifQ%3D%3D\"><br \/>\n<img fetchpriority=\"high\" decoding=\"async\" src=\"https:\/\/pacificjourneyscr.com\/wp-content\/uploads\/2021\/06\/Pacific-Journeys-Catarata-Diamante-02-1024x576.jpg\" sizes=\"(max-width: 1024px) 100vw, 1024px\" srcset=\"https:\/\/i0.wp.com\/pacificjourneyscr.com\/wp-content\/uploads\/2021\/06\/Pacific-Journeys-Catarata-Diamante-02.jpg?resize=1024%2C576&amp;ssl=1 1024w, https:\/\/i0.wp.com\/pacificjourneyscr.com\/wp-content\/uploads\/2021\/06\/Pacific-Journeys-Catarata-Diamante-02.jpg?resize=300%2C169&amp;ssl=1 300w, https:\/\/i0.wp.com\/pacificjourneyscr.com\/wp-content\/uploads\/2021\/06\/Pacific-Journeys-Catarata-Diamante-02.jpg?resize=768%2C432&amp;ssl=1 768w, https:\/\/i0.wp.com\/pacificjourneyscr.com\/wp-content\/uploads\/2021\/06\/Pacific-Journeys-Catarata-Diamante-02.jpg?resize=16%2C9&amp;ssl=1 16w, https:\/\/i0.wp.com\/pacificjourneyscr.com\/wp-content\/uploads\/2021\/06\/Pacific-Journeys-Catarata-Diamante-02.jpg?w=1200&amp;ssl=1 1200w\" alt=\"\" width=\"1024\" height=\"576\" \/> <\/a><\/p>\n<p>\u00bfQu\u00e9 incluye?<\/p>\n<ul>\n<li>Gu\u00edas certificados.<\/li>\n<li>Visita a la huerta ecol\u00f3gica.<\/li>\n<li>Caminata al punto m\u00e1s alto de Diamante 600 pies para experimentar impresionantes vistas del valle.<\/li>\n<li>Piscinas naturales privadas y pr\u00edstinas para refrescantes ba\u00f1os y saltos opcionales de acantilados.<\/li>\n<li>Vegetarian lunch is freshly prepared and served behind the falls.<\/li>\n<\/ul>\n<p>* Tomar en cuenta que nuestros tours son para aquellos que disfrutan de una experiencia de senderismo f\u00edsicamente exigente, sudar\u00e1 y seguir\u00e1 sudando, se caminar\u00e1 aproximadamente 3 km de sendero en ascenso empinado. Cada uno lleva su mochila, empaque s\u00f3lo lo necesario.<\/p>\n<p>Salida 8:15am<br \/>\nRegreso a las 3:30 pm<\/p>\n<p><strong>Price: US $89<\/strong>\u00a0por persona + IVA<\/p>\n<p><a href=\"https:\/\/book.peek.com\/s\/dc41daff-f404-42d5-ba53-db5a107323fa\/Ady7p\"><br \/>\nRESERVE AQUI<br \/>\n<\/a><\/p>\n<h2>Tour Caminata a Diamante 1 D\u00eda con Rappel<\/h2>\n<p><strong>\u00bfQu\u00e9 incluye?\u00a0 \u00a0 \u00a0 \u00a0<\/strong><\/p>\n<ul>\n<li>Gu\u00edas certificados.<\/li>\n<li>Visita a la huerta ecol\u00f3gica.<\/li>\n<li>Caminata al punto m\u00e1s alto de Diamante 600 pies para experimentar impresionantes vistas del valle.<\/li>\n<li>Rappel in Diamante fall 90ft, no experience needed<\/li>\n<li>Piscinas naturales privadas y pr\u00edstinas para refrescantes ba\u00f1os y saltos opcionales de acantilados.<\/li>\n<li>Vegetarian lunch is freshly prepared and served behind the falls.<\/li>\n<li>Duchas y Sanitarios.<\/li>\n<\/ul>\n<p>Departs at 8:15 am<br \/>\nRegreso a las 4:00 \u2013 4:30 pm<\/p>\n<p>* Tomar en cuenta que nuestros tours son para aquellos que disfrutan de una experiencia de senderismo f\u00edsicamente exigente, sudar\u00e1 y seguir\u00e1 sudando, se caminar\u00e1 aproximadamente 3 km de sendero en ascenso empinado. Cada uno lleva su mochila, empaque s\u00f3lo lo necesario.<\/p>\n<p><strong>Price: US $129<\/strong>\u00a0por persona + IVA<\/p>\n<p><a href=\"https:\/\/book.peek.com\/s\/dc41daff-f404-42d5-ba53-db5a107323fa\/APmp--92602cd6-0731-4ac7-b277-e493b7bb251b\"><br \/>\nRESERVE AQUI<br \/>\n<\/a><\/p>\n<p><a href=\"https:\/\/pacificjourneyscr.com\/wp-content\/uploads\/2021\/06\/Pacific-Journeys-Catarata-Diamante-06.jpg\" data-elementor-open-lightbox=\"yes\" data-elementor-lightbox-title=\"Pacific-Journeys-Catarata-Diamante-06\" data-e-action-hash=\"#elementor-action%3Aaction%3Dlightbox%26settings%3DeyJpZCI6OTk5LCJ1cmwiOiJodHRwczpcL1wvcGFjaWZpY2pvdXJuZXlzY3IuY29tXC93cC1jb250ZW50XC91cGxvYWRzXC8yMDIxXC8wNlwvUGFjaWZpYy1Kb3VybmV5cy1DYXRhcmF0YS1EaWFtYW50ZS0wNi5qcGcifQ%3D%3D\"><br \/>\n<img decoding=\"async\" src=\"https:\/\/pacificjourneyscr.com\/wp-content\/uploads\/2021\/06\/Pacific-Journeys-Catarata-Diamante-06-1024x765.jpg\" sizes=\"(max-width: 1024px) 100vw, 1024px\" srcset=\"https:\/\/i0.wp.com\/pacificjourneyscr.com\/wp-content\/uploads\/2021\/06\/Pacific-Journeys-Catarata-Diamante-06.jpg?resize=1024%2C765&amp;ssl=1 1024w, https:\/\/i0.wp.com\/pacificjourneyscr.com\/wp-content\/uploads\/2021\/06\/Pacific-Journeys-Catarata-Diamante-06.jpg?resize=300%2C224&amp;ssl=1 300w, https:\/\/i0.wp.com\/pacificjourneyscr.com\/wp-content\/uploads\/2021\/06\/Pacific-Journeys-Catarata-Diamante-06.jpg?resize=768%2C573&amp;ssl=1 768w, https:\/\/i0.wp.com\/pacificjourneyscr.com\/wp-content\/uploads\/2021\/06\/Pacific-Journeys-Catarata-Diamante-06.jpg?resize=16%2C12&amp;ssl=1 16w, https:\/\/i0.wp.com\/pacificjourneyscr.com\/wp-content\/uploads\/2021\/06\/Pacific-Journeys-Catarata-Diamante-06.jpg?w=1200&amp;ssl=1 1200w\" alt=\"\" width=\"1024\" height=\"765\" \/><\/a><\/p>\n<p>&nbsp;<\/p>\n<h2>Tour a Diamante con 1 noche de hospedaje<\/h2>\n<p>\u00bfQu\u00e9 incluye?<\/p>\n<ul>\n<li>Gu\u00edas certificados.<\/li>\n<li>Visita al jard\u00edn org\u00e1nico.<\/li>\n<li>Caminata al punto m\u00e1s alto de Diamante 600 pies para experimentar impresionantes vistas del valle.<\/li>\n<li>Piscinas naturales privadas y pr\u00edstinas para refrescantes ba\u00f1os y saltos opcionales de acantilados.<\/li>\n<li>3 freshly prepared meals are served behind the falls: Lunch, Dinner, Breakfast, and fresh tea from herbs from the garden.<\/li>\n<li>Duchas y Sanitarios<\/li>\n<li>Duchas y Sanitarios.<\/li>\n<\/ul>\n<p>* Tomar en cuenta que nuestros tours son para aquellos que disfrutan de una experiencia de senderismo f\u00edsicamente exigente, sudar\u00e1 y seguir\u00e1 sudando, se caminar\u00e1 aproximadamente 3 km de sendero en ascenso empinado. Cada uno lleva su mochila, empaque s\u00f3lo lo necesario.<\/p>\n<p>Salida 8:15am<br \/>\nReturn at 11:00 AM the next day.<\/p>\n<p><strong>Price: US $135<\/strong>\u00a0por persona + IVA<\/p>\n<p><a href=\"https:\/\/book.peek.com\/s\/dc41daff-f404-42d5-ba53-db5a107323fa\/bEWVA?pbf=_pbf_2&amp;mode=embedded&amp;xp=widget\">RESERVE AQUI<\/a><\/p>\n<p><a href=\"https:\/\/pacificjourneyscr.com\/wp-content\/uploads\/2021\/06\/Pacific-Journeys-Catarata-Diamante-08.jpg\" data-elementor-open-lightbox=\"yes\" data-elementor-lightbox-title=\"Pacific-Journeys-Catarata-Diamante-08\" data-e-action-hash=\"#elementor-action%3Aaction%3Dlightbox%26settings%3DeyJpZCI6MTAwMSwidXJsIjoiaHR0cHM6XC9cL3BhY2lmaWNqb3VybmV5c2NyLmNvbVwvd3AtY29udGVudFwvdXBsb2Fkc1wvMjAyMVwvMDZcL1BhY2lmaWMtSm91cm5leXMtQ2F0YXJhdGEtRGlhbWFudGUtMDguanBnIn0%3D\"><br \/>\n<img decoding=\"async\" src=\"https:\/\/pacificjourneyscr.com\/wp-content\/uploads\/2021\/06\/Pacific-Journeys-Catarata-Diamante-08-1024x576.jpg\" sizes=\"(max-width: 1024px) 100vw, 1024px\" srcset=\"https:\/\/i0.wp.com\/pacificjourneyscr.com\/wp-content\/uploads\/2021\/06\/Pacific-Journeys-Catarata-Diamante-08.jpg?resize=1024%2C576&amp;ssl=1 1024w, https:\/\/i0.wp.com\/pacificjourneyscr.com\/wp-content\/uploads\/2021\/06\/Pacific-Journeys-Catarata-Diamante-08.jpg?resize=300%2C169&amp;ssl=1 300w, https:\/\/i0.wp.com\/pacificjourneyscr.com\/wp-content\/uploads\/2021\/06\/Pacific-Journeys-Catarata-Diamante-08.jpg?resize=768%2C432&amp;ssl=1 768w, https:\/\/i0.wp.com\/pacificjourneyscr.com\/wp-content\/uploads\/2021\/06\/Pacific-Journeys-Catarata-Diamante-08.jpg?resize=16%2C9&amp;ssl=1 16w, https:\/\/i0.wp.com\/pacificjourneyscr.com\/wp-content\/uploads\/2021\/06\/Pacific-Journeys-Catarata-Diamante-08.jpg?w=1200&amp;ssl=1 1200w\" alt=\"\" width=\"1024\" height=\"576\" \/> <\/a><a href=\"https:\/\/book.peek.com\/s\/dc41daff-f404-42d5-ba53-db5a107323fa\/BLa43\"><br \/>\n<\/a><\/p>\n<p>&nbsp;<\/p>\n<h2>Tour a Diamante con 1 noche de hospedaje y Rappel<\/h2>\n<p><strong>\u00bfQu\u00e9 incluye?\u00a0 \u00a0 \u00a0 \u00a0<\/strong><\/p>\n<ul>\n<li>Gu\u00edas certificados.<\/li>\n<li>Visita a la huerta ecol\u00f3gica.<\/li>\n<li>Caminata al punto m\u00e1s alto de Diamante 600 pies para experimentar impresionantes vistas del valle.<\/li>\n<li>Piscinas naturales privadas y pr\u00edstinas para refrescantes ba\u00f1os y saltos opcionales de acantilados.<\/li>\n<li>Rappel in Diamante fall 90ft, no experience needed<\/li>\n<li>3 freshly prepared vegetarian meals are served behind the falls: Lunch, Dinner, Breakfast, and fresh tea from herbs from the garden.<\/li>\n<li>Experience the most stunning\u00a0sunset above\u00a0Diamante\u2019s 600ft waterfall and enjoy spectacular views.<\/li>\n<li>Duchas y Sanitarios.<\/li>\n<\/ul>\n<p>Departs at 8:15 am<br \/>\nReturn at 11:00 am the next day<\/p>\n<p>* Tomar en cuenta que nuestros tours son para aquellos que disfrutan de una experiencia de senderismo f\u00edsicamente exigente, sudar\u00e1 y seguir\u00e1 sudando, se caminar\u00e1 aproximadamente 3 km de sendero en ascenso empinado. Cada uno lleva su mochila, empaque s\u00f3lo lo necesario.<\/p>\n<p><strong>\u00a0Price: US $175<\/strong>\u00a0por persona + IVA<\/p>\n<p><a href=\"https:\/\/book.peek.com\/s\/dc41daff-f404-42d5-ba53-db5a107323fa\/p_9npq6--e0e4553e-b7ce-40ff-8b0c-f6b9573853fb?pbf=_pbf_2&amp;mode=embedded&amp;xp=widget\">RESERVE AQUI<\/a><\/p>","protected":false},"excerpt":{"rendered":"<p>Diamante One Day Experience What&#8217;s included? Certified Wilderness Responder guide. Visit the organic garden. Hike to the highest point of Diamante at 600ft and experience breathtaking views of the valley. Private and pristine natural swimming pools for refreshing swims and optional cliff jumping. Vegetarian lunch is freshly prepared and served behind the falls. *Please be [&hellip;]<\/p>\n","protected":false},"author":1,"featured_media":0,"parent":0,"menu_order":0,"comment_status":"closed","ping_status":"closed","template":"","meta":{"footnotes":""},"class_list":["post-49","page","type-page","status-publish","hentry"],"_links":{"self":[{"href":"https:\/\/pacificjourneyscr.com\/es\/wp-json\/wp\/v2\/pages\/49","targetHints":{"allow":["GET"]}}],"collection":[{"href":"https:\/\/pacificjourneyscr.com\/es\/wp-json\/wp\/v2\/pages"}],"about":[{"href":"https:\/\/pacificjourneyscr.com\/es\/wp-json\/wp\/v2\/types\/page"}],"author":[{"embeddable":true,"href":"https:\/\/pacificjourneyscr.com\/es\/wp-json\/wp\/v2\/users\/1"}],"replies":[{"embeddable":true,"href":"https:\/\/pacificjourneyscr.com\/es\/wp-json\/wp\/v2\/comments?post=49"}],"version-history":[{"count":224,"href":"https:\/\/pacificjourneyscr.com\/es\/wp-json\/wp\/v2\/pages\/49\/revisions"}],"predecessor-version":[{"id":1635,"href":"https:\/\/pacificjourneyscr.com\/es\/wp-json\/wp\/v2\/pages\/49\/revisions\/1635"}],"wp:attachment":[{"href":"https:\/\/pacificjourneyscr.com\/es\/wp-json\/wp\/v2\/media?parent=49"}],"curies":[{"name":"wp","href":"https:\/\/api.w.org\/{rel}","templated":true}]}}